{"id":955,"date":"2023-10-07T21:14:33","date_gmt":"2023-10-07T20:14:33","guid":{"rendered":"http:\/\/subdomein2.kemperstichting.nl\/?page_id=955"},"modified":"2023-11-20T23:40:25","modified_gmt":"2023-11-20T22:40:25","slug":"reseau-des-foyers-de-sourds-rfs","status":"publish","type":"page","link":"https:\/\/subdomein2.kemperstichting.nl\/?page_id=955&lang=fr","title":{"rendered":"R\u00e9seau des foyers de sourds (RFS)"},"content":{"rendered":"\n<p class=\"has-text-align-center\"><img loading=\"lazy\" decoding=\"async\" width=\"150\" height=\"138\" class=\"wp-image-267\" style=\"width: 150px;\" src=\"http:\/\/subdomein2.kemperstichting.nl\/wp-content\/uploads\/2017\/12\/logo-RFS.jpg\" alt=\"\"><\/p>\n\n\n\n<p class=\"has-text-align-left\">Les \u00ab Foyers pour sourds \u00bb locaux sont reli\u00e9s au sein d&#8217;un r\u00e9seau national \u00ab R\u00e9seau de Foyers de Sourds \u00bb qui d\u00e9fend leurs int\u00e9r\u00eats. RFS a \u00e9galement conclu un accord de coop\u00e9ration avec l&#8217;AMCRE, qui s&#8217;occupe de leur administration.<\/p>\n","protected":false},"excerpt":{"rendered":"<p>Les \u00ab Foyers pour sourds \u00bb locaux sont reli\u00e9s au sein d&#8217;un r\u00e9seau national \u00ab R\u00e9seau de Foyers de Sourds \u00bb qui d\u00e9fend leurs int\u00e9r\u00eats. RFS a \u00e9galement conclu un accord de coop\u00e9ration avec l&#8217;AMCRE, qui s&#8217;occupe de leur administration.<\/p>\n","protected":false},"author":3,"featured_media":0,"parent":944,"menu_order":0,"comment_status":"closed","ping_status":"closed","template":"","meta":{"footnotes":""},"class_list":["post-955","page","type-page","status-publish","hentry"],"_links":{"self":[{"href":"https:\/\/subdomein2.kemperstichting.nl\/index.php?rest_route=\/wp\/v2\/pages\/955","targetHints":{"allow":["GET"]}}],"collection":[{"href":"https:\/\/subdomein2.kemperstichting.nl\/index.php?rest_route=\/wp\/v2\/pages"}],"about":[{"href":"https:\/\/subdomein2.kemperstichting.nl\/index.php?rest_route=\/wp\/v2\/types\/page"}],"author":[{"embeddable":true,"href":"https:\/\/subdomein2.kemperstichting.nl\/index.php?rest_route=\/wp\/v2\/users\/3"}],"replies":[{"embeddable":true,"href":"https:\/\/subdomein2.kemperstichting.nl\/index.php?rest_route=%2Fwp%2Fv2%2Fcomments&post=955"}],"version-history":[{"count":3,"href":"https:\/\/subdomein2.kemperstichting.nl\/index.php?rest_route=\/wp\/v2\/pages\/955\/revisions"}],"predecessor-version":[{"id":1235,"href":"https:\/\/subdomein2.kemperstichting.nl\/index.php?rest_route=\/wp\/v2\/pages\/955\/revisions\/1235"}],"up":[{"embeddable":true,"href":"https:\/\/subdomein2.kemperstichting.nl\/index.php?rest_route=\/wp\/v2\/pages\/944"}],"wp:attachment":[{"href":"https:\/\/subdomein2.kemperstichting.nl\/index.php?rest_route=%2Fwp%2Fv2%2Fmedia&parent=955"}],"curies":[{"name":"wp","href":"https:\/\/api.w.org\/{rel}","templated":true}]}}