{"id":679,"date":"2023-05-25T09:24:18","date_gmt":"2023-05-25T08:24:18","guid":{"rendered":"https:\/\/subdomein2.kemperstichting.nl\/?page_id=679"},"modified":"2023-11-20T23:10:15","modified_gmt":"2023-11-20T22:10:15","slug":"1-alphabetisation-et-integration-des-enfants-sourds","status":"publish","type":"page","link":"https:\/\/subdomein2.kemperstichting.nl\/?page_id=679&lang=fr","title":{"rendered":"1. Alphab\u00e9tisation et int\u00e9gration des enfants sourds"},"content":{"rendered":"<p>Il s&#8217;agit de notre premier projet et c\u2019est toujours le plus important de la Fondation Kemper avec 70 % de notre engagement. La Fondation Kemper encourage les parents d&#8217;enfants sourds \u00e0 s&#8217;organiser dans les &#8220;Foyers de Sourds&#8221;. Ces Foyers recherchent une personne de leur communaut\u00e9 dispos\u00e9e \u00e0 suivre une formation de moniteur en langue des signes et \u00e0 enseigner ensuite cette langue \u00e0 leurs enfants sourds et ainsi am\u00e9liorer encore leur alphab\u00e9tisation. Pour l&#8217;ann\u00e9e scolaire 2022-2023, <b>16 Foyers \u00e9taient actifs aupr\u00e8s de 198<\/b> \u00e9l\u00e8ves sourds.<\/p>\n<p>La Fondation Kemper finance la formation du moniteur en langue des signes, la location d&#8217;une salle de classe, le d\u00e9veloppement et la distribution de mat\u00e9riel d&#8217;apprentissage pour les sourds, ainsi qu\u2019une partie du salaire du moniteur. Si n\u00e9cessaire, la Fondation Kemper peut contribuer \u00e0 la construction d&#8217;une salle de classe.<\/p>\n<p><strong>Responsabilit\u00e9s<\/strong><\/p>\n<p>La responsabilit\u00e9 d&#8217;un Foyer ou d&#8217;une &#8220;classe accompagn\u00e9e&#8221; incombe \u00e0 l&#8217;association locale des sourds assist\u00e9e par la Fondation Kemper. C&#8217;est cette association qui recrute les enfants sourds et leur moniteur.<\/p>\n<p>La Fondation Kemper et ses partenaires proposent ces cours :<\/p>\n<ul>\n<li>le d\u00e9veloppement du programme d&#8217;\u00e9tudes<\/li>\n<li>la formationet et la r\u00e9mun\u00e9ration des moniteurs pour les sourds<\/li>\n<li>la fourniture de mat\u00e9riels d&#8217;apprentissage<\/li>\n<li>l&#8217;inspection des cours<\/li>\n<\/ul>\n<p>Nous fournissons la salle de classe pour le cours et le mobilier en collaboration avec la communaut\u00e9 locale.<\/p>\n<p><strong>L&#8217;exemple concret de Babacar<br \/>\n<\/strong><\/p>\n<p>Babacar est n\u00e9 dans un village du sud du S\u00e9n\u00e9gal. Il a 3 fr\u00e8res a\u00een\u00e9s et 2 s\u0153urs cadettes. Son p\u00e8re est menuisier. Ses parents vendent \u00e9galement des fruits et l\u00e9gumes qu&#8217;ils cultivent sur un petit terrain. Ils parviennent \u00e0 envoyer les enfants \u00e0 l&#8217;\u00e9cole. Babacar en faisait \u00e9galement partie, jusqu&#8217;\u00e0 ce qu&#8217;il contracte une m\u00e9ningite \u00e0 l&#8217;\u00e2ge de 8 ans. Il a surv\u00e9cu mais est devenu sourd. Il a \u00e9t\u00e9 contraint de rester \u00e0 la maison pendant quatre ans et a particip\u00e9 \u00e0 de petits travaux m\u00e9nagers. Il n\u2019y avait aucune possibilit\u00e9 \u00e0 l\u2019\u00e9cole pour l\u2019\u00e9duquer \u00e9galement.La seule \u00e9cole pour sourds du pays se trouve \u00e0 Dakar, trop \u00e9loign\u00e9e et inabordable pour ses parents. Il ne pouvait plus bien communiquer, il avait oubli\u00e9 comment parler parce qu&#8217;il n&#8217;entendait pas ce qu&#8217;il disait. Tous ses amis, fr\u00e8res, s\u0153urs, neveux et ni\u00e8ces allaient \u00e0 l&#8217;\u00e9cole. Il ne pouvait plus leur parler et n&#8217;\u00e9tait plus consid\u00e9r\u00e9 comme une personne \u00e0 part enti\u00e8re. M\u00eame au sein de la famille, il pouvait difficilement s&#8217;exprimer ou mettre les choses au clair. Au fil du temps, il se retirait de plus en plus, souvent assis dans un coin du terrain autour de leur maison et avait parfois de terribles acc\u00e8s de col\u00e8re, pour des raisons qui restaient floues pour ses parents. Au fil des ann\u00e9es, les gens du village ont suppos\u00e9 qu&#8217;il \u00e9tait non seulement sourd, mais aussi attard\u00e9 ou handicap\u00e9 mental. Il ne participait plus et n&#8217;appartenait plus, \u00e0 son grand chagrin et \u00e0 celui de ses parents.<\/p>\n<p>Heureusement, ce tableau sombre appartient d\u00e9sormais au pass\u00e9. Lorsqu&#8217;il eut 12 ans, un cours d&#8217;alphab\u00e9tisation pour sourds (d\u00e9velopp\u00e9 et financ\u00e9 par la Fondation Kemper) fut organis\u00e9 \u00e0 l&#8217;Auberge d&#8217;Apprentissage de leur village. Il y a particip\u00e9 d\u00e8s le d\u00e9part et cela a compl\u00e8tement chang\u00e9 sa vie. Il a appris la langue des signes, tout comme l&#8217;un de ses fr\u00e8res, qui est venu occasionnellement apprendre \u00e9galement la langue des signes. Il a rencontr\u00e9 d&#8217;autres enfants sourds, qui se sont av\u00e9r\u00e9s assez nombreux dans la r\u00e9gion, mais qui n&#8217;ont pas non plus quitt\u00e9 leur quartier familial. Il a appris \u00e0 \u00e9crire et \u00e0 calculer. Il s&#8217;est av\u00e9r\u00e9 tr\u00e8s intelligent et a tout compris rapidement, parfois \u00e0 la surprise des autres villageois, qui pensaient que quelqu&#8217;un qui ne peut produire que des sons peu clairs ne peut pas \u00eatre intelligent. Mais le plus grand changement pour Babacar, c&#8217;est qu&#8217;il reprend la comp\u00e9tition. Il va aussi \u00e0 l\u2019\u00e9cole tous les jours, comme les autres enfants, et a retrouv\u00e9 un avenir. Il ose \u00e0 nouveau r\u00eaver \u00e0 ce qu&#8217;il aimerait devenir plus tard. Il aimerait ouvrir une boutique. Il pourra alors faire bon usage de l\u2019arithm\u00e9tique, dans laquelle il excelle. Et avec son fr\u00e8re comme interpr\u00e8te, il peut \u00e0 nouveau exprimer clairement ce qu&#8217;il veut, ce qui se passe dans sa t\u00eate. Apr\u00e8s la premi\u00e8re ann\u00e9e, ses parents l&#8217;ont vu passer d&#8217;un gar\u00e7on calme, renferm\u00e9 et isol\u00e9 \u00e0 un enfant joyeux qui se l\u00e8ve le premier chaque jour. Son p\u00e8re raconte qu&#8217;il l&#8217;avait d\u00e9j\u00e0 abandonn\u00e9. Il n\u2019aurait jamais pens\u00e9 qu\u2019ils pourraient accomplir autant de choses avec ce cours. Lui-m\u00eame est analphab\u00e8te et son fils sourd sait \u00e9crire et calculer aussi bien que les meilleurs. Il est heureux que cette opportunit\u00e9 ait \u00e9t\u00e9 cr\u00e9\u00e9e pour son fils.<\/p>\n<p><strong>Nous souhaitons que davantage d\u2019enfants sourds aient une telle opportunit\u00e9.<\/strong><\/p>\n","protected":false},"excerpt":{"rendered":"<p>Il s&#8217;agit de notre premier projet et c\u2019est toujours le plus important de la Fondation Kemper avec 70 % de notre engagement. La Fondation Kemper encourage les parents d&#8217;enfants sourds \u00e0 s&#8217;organiser dans les &#8220;Foyers de Sourds&#8221;. Ces Foyers recherchent &hellip; <a href=\"https:\/\/subdomein2.kemperstichting.nl\/?page_id=679&#038;lang=fr\">Continue reading <span class=\"meta-nav\">&rarr;<\/span><\/a><\/p>\n","protected":false},"author":1,"featured_media":0,"parent":494,"menu_order":0,"comment_status":"closed","ping_status":"closed","template":"","meta":{"footnotes":""},"class_list":["post-679","page","type-page","status-publish","hentry"],"_links":{"self":[{"href":"https:\/\/subdomein2.kemperstichting.nl\/index.php?rest_route=\/wp\/v2\/pages\/679","targetHints":{"allow":["GET"]}}],"collection":[{"href":"https:\/\/subdomein2.kemperstichting.nl\/index.php?rest_route=\/wp\/v2\/pages"}],"about":[{"href":"https:\/\/subdomein2.kemperstichting.nl\/index.php?rest_route=\/wp\/v2\/types\/page"}],"author":[{"embeddable":true,"href":"https:\/\/subdomein2.kemperstichting.nl\/index.php?rest_route=\/wp\/v2\/users\/1"}],"replies":[{"embeddable":true,"href":"https:\/\/subdomein2.kemperstichting.nl\/index.php?rest_route=%2Fwp%2Fv2%2Fcomments&post=679"}],"version-history":[{"count":6,"href":"https:\/\/subdomein2.kemperstichting.nl\/index.php?rest_route=\/wp\/v2\/pages\/679\/revisions"}],"predecessor-version":[{"id":1212,"href":"https:\/\/subdomein2.kemperstichting.nl\/index.php?rest_route=\/wp\/v2\/pages\/679\/revisions\/1212"}],"up":[{"embeddable":true,"href":"https:\/\/subdomein2.kemperstichting.nl\/index.php?rest_route=\/wp\/v2\/pages\/494"}],"wp:attachment":[{"href":"https:\/\/subdomein2.kemperstichting.nl\/index.php?rest_route=%2Fwp%2Fv2%2Fmedia&parent=679"}],"curies":[{"name":"wp","href":"https:\/\/api.w.org\/{rel}","templated":true}]}}