{"id":494,"date":"2023-05-23T15:34:12","date_gmt":"2023-05-23T14:34:12","guid":{"rendered":"http:\/\/subdomein2.kemperstichting.nl\/?page_id=494"},"modified":"2023-11-20T23:02:26","modified_gmt":"2023-11-20T22:02:26","slug":"buts-programmes","status":"publish","type":"page","link":"https:\/\/subdomein2.kemperstichting.nl\/?page_id=494&lang=fr","title":{"rendered":"But &#038; programmes"},"content":{"rendered":"<div class=\"post_body\">\n<div class=\"post\">\n<div class=\"post_body\">\n<div class=\"post_title\">\n<h2 id=\"Ons doel\"><strong>La Fondation Kemper concentre ses efforts sur le mieux vivre avec les connaissances acquises.<\/strong><\/h2>\n<\/div>\n<div class=\"post_body\">\n<p>C&#8217;est pourquoi les programmes suivants ont \u00e9t\u00e9 con\u00e7us.<\/p>\n<p><a href=\"http:\/\/subdomein2.kemperstichting.nl\/?page_id=679&amp;lang=fr\"><strong>1. Alphab\u00e9tisation et int\u00e9gration des enfants sourds<\/strong><\/a><\/p>\n<\/div>\n<div class=\"post_body\"><a href=\"http:\/\/subdomein2.kemperstichting.nl\/?page_id=684&amp;lang=fr\"><strong>2. Mieux vivre avec les connaissances acquises<\/strong><\/a><\/div>\n<div><\/div>\n<\/div>\n<\/div>\n<\/div>\n","protected":false},"excerpt":{"rendered":"<p>La Fondation Kemper concentre ses efforts sur le mieux vivre avec les connaissances acquises. C&#8217;est pourquoi les programmes suivants ont \u00e9t\u00e9 con\u00e7us. 1. Alphab\u00e9tisation et int\u00e9gration des enfants sourds 2. Mieux vivre avec les connaissances acquises<\/p>\n","protected":false},"author":1,"featured_media":0,"parent":0,"menu_order":0,"comment_status":"closed","ping_status":"closed","template":"sidebar-page.php","meta":{"footnotes":""},"class_list":["post-494","page","type-page","status-publish","hentry"],"_links":{"self":[{"href":"https:\/\/subdomein2.kemperstichting.nl\/index.php?rest_route=\/wp\/v2\/pages\/494","targetHints":{"allow":["GET"]}}],"collection":[{"href":"https:\/\/subdomein2.kemperstichting.nl\/index.php?rest_route=\/wp\/v2\/pages"}],"about":[{"href":"https:\/\/subdomein2.kemperstichting.nl\/index.php?rest_route=\/wp\/v2\/types\/page"}],"author":[{"embeddable":true,"href":"https:\/\/subdomein2.kemperstichting.nl\/index.php?rest_route=\/wp\/v2\/users\/1"}],"replies":[{"embeddable":true,"href":"https:\/\/subdomein2.kemperstichting.nl\/index.php?rest_route=%2Fwp%2Fv2%2Fcomments&post=494"}],"version-history":[{"count":10,"href":"https:\/\/subdomein2.kemperstichting.nl\/index.php?rest_route=\/wp\/v2\/pages\/494\/revisions"}],"predecessor-version":[{"id":1208,"href":"https:\/\/subdomein2.kemperstichting.nl\/index.php?rest_route=\/wp\/v2\/pages\/494\/revisions\/1208"}],"wp:attachment":[{"href":"https:\/\/subdomein2.kemperstichting.nl\/index.php?rest_route=%2Fwp%2Fv2%2Fmedia&parent=494"}],"curies":[{"name":"wp","href":"https:\/\/api.w.org\/{rel}","templated":true}]}}