{"id":482,"date":"2023-05-23T15:21:24","date_gmt":"2023-05-23T14:21:24","guid":{"rendered":"http:\/\/subdomein2.kemperstichting.nl\/?page_id=482"},"modified":"2023-11-20T23:42:21","modified_gmt":"2023-11-20T22:42:21","slug":"organisation","status":"publish","type":"page","link":"https:\/\/subdomein2.kemperstichting.nl\/?page_id=482&lang=fr","title":{"rendered":"Organisation"},"content":{"rendered":"<div class=\"post_title\">\n<p><strong>Qui et pourquoi ?<\/strong><\/p>\n<p>Jan de Bosch Kemper, initiateur et fondateur de la Fondation Kemper, est n\u00e9 en 1941 \u00e0 Amsterdam. Jeune dipl\u00f4m\u00e9 en architecture, il part passer de courtes vacances en Tanzanie \u00e0 la fin des ann\u00e9es 1960. Il restera en Afrique pour le reste de sa vie, captiv\u00e9 par un continent avec d&#8217;un c\u00f4t\u00e9 ses \u00e9normes probl\u00e8mes de pauvret\u00e9 et d&#8217;in\u00e9galit\u00e9, et de l&#8217;autre &#8211; inextricablement li\u00e9 \u00e0 cela &#8211; un potentiel gigantesque et un espace pratiquement illimit\u00e9 pour travailler sur ces probl\u00e8mes. Jan a commenc\u00e9 sa carri\u00e8re \u00e0 l&#8217;UNESCO \u00e0 Khartoum et a continu\u00e9 en tant que conseiller de l&#8217;UNESCO au Cameroun, au Rwanda et dans presque tous les \u00c9tats membres africains au sud du Sahara. En 1993, il fonde le Kemperstichting pour mettre en oeuvre des projets \u00e9ducatifs au Sahel, qui se concentreront \u00e0 partir de 2003 sur l\u2019aide aux enfants sourds au S\u00e9n\u00e9gal.<\/p>\n<p><strong>Strat\u00e9gie<\/strong><\/p>\n<p>La r\u00e9alisation des activit\u00e9s et leur administration sont assur\u00e9es dans la mesure du possible par une association au S\u00e9n\u00e9gal \u00ab AMCRE \u00bb qui re\u00e7oit \u00e0 ce titre une compensation raisonnable. Ce sont donc les seuls frais g\u00e9n\u00e9raux financ\u00e9s par le KS lui-m\u00eame. Cela signifie \u00e9galement que la capacit\u00e9 d\u2019ex\u00e9cution et d\u2019orientation est renforc\u00e9e au S\u00e9n\u00e9gal.<\/p>\n<p><strong>Proc\u00e9dure<\/strong><\/p>\n<p>La proc\u00e9dure suivante est suivie lors du traitement des candidatures des parties int\u00e9ress\u00e9es au niveau local :<\/p>\n<ul>\n<li aria-level=\"1\">Les candidatures dans le cadre des programmes de la Fondation Kemper sont \u00e9valu\u00e9es par AMCRE selon des crit\u00e8res \u00e9tablis en consultation avec le conseil d&#8217;administration de la Fondation Kemper.<\/li>\n<li aria-level=\"1\">Chaque ann\u00e9e, AMCRE soumet ces candidatures \u00e0 la Fondation Kemper et le conseil d&#8217;administration d\u00e9cide lesquelles peuvent recevoir un don.<\/li>\n<li aria-level=\"1\">Les candidats qui re\u00e7oivent un don concluent un contrat avec l&#8217;AMCRE, qui supervise la mise en \u0153uvre<\/li>\n<li aria-level=\"1\">La Fondation Kemper re\u00e7oit une confirmation de r\u00e9ception du don via AMCRE<\/li>\n<\/ul>\n<\/div>\n<p><strong>Le bureau de la Fondation Kemper<\/strong><\/p>\n<p>Le bureau de la Fondation Kemper comprend huit membres, dont les repr\u00e9sentants en Belgique, en France et au S\u00e9n\u00e9gal. Dans la mesure du possible, les membres du bureau parlent le fran\u00e7ais et ont habit\u00e9 et travaill\u00e9 en Afrique. Le bureau n&#8217;est pas r\u00e9mun\u00e9r\u00e9, ce qui r\u00e9duit les frais g\u00e9n\u00e9raux au minimum. Il se r\u00e9unit deux fois par an.<\/p>\n<p>Les affaires courantes sont trait\u00e9es par le conseil d\u2019administration, compos\u00e9 des membres suivants :<\/p>\n<table class=\"data_table\">\n<tbody>\n<tr>\n<td>President<\/td>\n<td>Carla Geus &#8211; de Bosch Kemper<\/td>\n<\/tr>\n<tr>\n<td>Tr\u00e9sorier<\/td>\n<td>Paul de Walick<\/td>\n<\/tr>\n<tr>\n<td>Secretaire<\/td>\n<td>Wilma Goppel<\/td>\n<\/tr>\n<\/tbody>\n<\/table>\n","protected":false},"excerpt":{"rendered":"<p>Qui et pourquoi ? Jan de Bosch Kemper, initiateur et fondateur de la Fondation Kemper, est n\u00e9 en 1941 \u00e0 Amsterdam. Jeune dipl\u00f4m\u00e9 en architecture, il part passer de courtes vacances en Tanzanie \u00e0 la fin des ann\u00e9es 1960. Il &hellip; <a href=\"https:\/\/subdomein2.kemperstichting.nl\/?page_id=482&#038;lang=fr\">Continue reading <span class=\"meta-nav\">&rarr;<\/span><\/a><\/p>\n","protected":false},"author":1,"featured_media":0,"parent":0,"menu_order":0,"comment_status":"closed","ping_status":"closed","template":"","meta":{"footnotes":""},"class_list":["post-482","page","type-page","status-publish","hentry"],"_links":{"self":[{"href":"https:\/\/subdomein2.kemperstichting.nl\/index.php?rest_route=\/wp\/v2\/pages\/482","targetHints":{"allow":["GET"]}}],"collection":[{"href":"https:\/\/subdomein2.kemperstichting.nl\/index.php?rest_route=\/wp\/v2\/pages"}],"about":[{"href":"https:\/\/subdomein2.kemperstichting.nl\/index.php?rest_route=\/wp\/v2\/types\/page"}],"author":[{"embeddable":true,"href":"https:\/\/subdomein2.kemperstichting.nl\/index.php?rest_route=\/wp\/v2\/users\/1"}],"replies":[{"embeddable":true,"href":"https:\/\/subdomein2.kemperstichting.nl\/index.php?rest_route=%2Fwp%2Fv2%2Fcomments&post=482"}],"version-history":[{"count":12,"href":"https:\/\/subdomein2.kemperstichting.nl\/index.php?rest_route=\/wp\/v2\/pages\/482\/revisions"}],"predecessor-version":[{"id":1202,"href":"https:\/\/subdomein2.kemperstichting.nl\/index.php?rest_route=\/wp\/v2\/pages\/482\/revisions\/1202"}],"wp:attachment":[{"href":"https:\/\/subdomein2.kemperstichting.nl\/index.php?rest_route=%2Fwp%2Fv2%2Fmedia&parent=482"}],"curies":[{"name":"wp","href":"https:\/\/api.w.org\/{rel}","templated":true}]}}